{"id":356,"date":"2019-02-06T22:59:03","date_gmt":"2019-02-06T21:59:03","guid":{"rendered":"http:\/\/rnop.ovh\/?page_id=356"},"modified":"2021-05-05T09:27:31","modified_gmt":"2021-05-05T07:27:31","slug":"les-moments-forts","status":"publish","type":"page","link":"https:\/\/rnop.ovh\/?page_id=356","title":{"rendered":"Au fil des saisons"},"content":{"rendered":"\n<h2> <strong>Quand observer les oiseaux&nbsp;?<\/strong><\/h2>\n\n\n\n<p><strong>C<\/strong>omme\nsur la plupart des sites ornithologiques, la RNOP accueille une\ngrande vari\u00e9t\u00e9 d\u2019oiseaux, mais tous ne sont pas pr\u00e9sents en m\u00eame\ntemps.<br>\nEn effet, quand un certain nombre d\u2019oiseaux sont\npr\u00e9sents toute l\u2019ann\u00e9e, qu\u2019ils nichent sur place ou dans les\nenvirons, d\u2019autres ne s\u00e9journent que pour s\u2019y reproduire, en\narrivant au printemps et en nous quittant \u00e0 l\u2019automne, d\u2019autres\nencore ne font que passer ou s\u00e9journer quelques jours, au cours de\nleur migration pr\u00e9 ou post nuptiale. D\u2019autres enfin viennent\nhiverner de l\u2019automne au d\u00e9but du printemps avant de repartir vers\nles contr\u00e9es nordiques.<\/p>\n\n\n\n<p>Au travers de ces diff\u00e9rentes cat\u00e9gories, voici le calendrier mensuel de la pr\u00e9sence des oiseaux, vous permettant de choisir la bonne p\u00e9riode pour observer une esp\u00e8ce bien pr\u00e9cise.<br> Ce relev\u00e9 est \u00e9tabli sur la base des observations effectu\u00e9es ces derni\u00e8res ann\u00e9es, et reprises dans les chroniques trimestrielles de Paulette Claerhout qui sont publi\u00e9es sur le site.<\/p>\n\n\n\n<p>Il\nne prend pas en compte les visiteurs tr\u00e8s accidentels.<\/p>\n\n\n\n<h2><strong>Pr\u00e9sence permanente<\/strong>  (Oiseaux nicheurs sur site)<\/h2>\n\n\n\n<figure class=\"wp-block-table\"><table><tbody><tr><td>Accenteur<br> mouchet<\/td><td>Epervier<br> d&rsquo;Europe<\/td><td>Grimpereau <br>des jardins<\/td><td>Pie bavarde<\/td><\/tr><tr><td>Bergeronnette<br> grise<\/td><td>Faisan <br>de Colchide<\/td><td>Grive<br> musicienne<\/td><td>Pigeon<br> ramier<\/td><\/tr><tr><td>Bernache<br> du Canada<\/td><td>Faucon<br> cr\u00e9cerelle<\/td><td>Hibou<br> moyen duc<\/td><td>Pinson<br> des arbres<\/td><\/tr><tr><td>Bouscarle<br> de Cetti<\/td><td>Foulque<br> macroule<\/td><td>Martin p\u00eacheur<\/td><td>R\u00e2le d&rsquo;eau<\/td><\/tr><tr><td>Buse variable<\/td><td>Fuligule<br> miloin<\/td><td>Merle noir<\/td><td>Roitelet<br> hupp\u00e9<\/td><\/tr><tr><td>Canard chipeau<\/td><td>Fuligule<br> morillon<\/td><td>M\u00e9sange <br>\u00e0 longue queue<\/td><td>Tourterelle<br> turque<\/td><\/tr><tr><td>Canard souchet<\/td><td>Geai<br> des ch\u00eanes<\/td><td>M\u00e9sange<br> charbonni\u00e8re<\/td><td>Troglodyte<br> mignon<\/td><\/tr><tr><td>Corneille noire<\/td><td>Gr\u00e8be<br> castagneux<\/td><td>Pic \u00e9peiche<\/td><td>Vanneau<br> hupp\u00e9<\/td><\/tr><tr><td>Cygne<br> tubercul\u00e9<\/td><td>Gr\u00e8be hupp\u00e9<\/td><td>Pic vert<\/td><td><\/td><\/tr><tr><td><\/td><td><\/td><td><\/td><td><\/td><\/tr><\/tbody><\/table><\/figure>\n\n\n\n<figure class=\"wp-block-image\"><img loading=\"lazy\" width=\"1024\" height=\"683\" src=\"http:\/\/rnop.ovh\/wp-content\/uploads\/2019\/02\/Fuliiigule-morillon-1024x683.jpg\" alt=\"\" class=\"wp-image-376\" srcset=\"https:\/\/rnop.ovh\/wp-content\/uploads\/2019\/02\/Fuliiigule-morillon-1024x683.jpg 1024w, https:\/\/rnop.ovh\/wp-content\/uploads\/2019\/02\/Fuliiigule-morillon-300x200.jpg 300w, https:\/\/rnop.ovh\/wp-content\/uploads\/2019\/02\/Fuliiigule-morillon-768x512.jpg 768w\" sizes=\"(max-width: 706px) 89vw, (max-width: 767px) 82vw, 740px\" \/><figcaption>Fuligule morillon<\/figcaption><\/figure>\n\n\n\n<h2><strong>Pr\u00e9sence occasionnelle<\/strong> (Oiseaux non nicheurs sur site)  <\/h2>\n\n\n\n<figure class=\"wp-block-table\"><table><tbody><tr><td>Aigrette<br> garzette<\/td><td>Choucas<br> des tours<\/td><td>Grand<br> cormoran<\/td><td>Mouette<br> rieuse<\/td><\/tr><tr><td>B\u00e9cassine<br> des marais<\/td><td>Faucon<br> p\u00e9lerin<\/td><td>Grande<br> aigrette (1)<\/td><td>Ouette<br> d&rsquo;\u00c9gypte<\/td><\/tr><tr><td>Chev\u00eache<br> d&rsquo;Athena<\/td><td>Gol\u00e9an<br> cendr\u00e9<\/td><td>H\u00e9ron<br> cendr\u00e9 (2)<\/td><td>Tadorne<br> de Belon<\/td><\/tr><\/tbody><\/table><\/figure>\n\n\n\n<p>(1) &#8211; a nich\u00e9 en 2012 \u2013 premier cas r\u00e9ussi de nidification en Belgique<br>(2) &#8211; nicheur jusqu\u2019en 2015<\/p>\n\n\n\n<figure class=\"wp-block-image\"><img loading=\"lazy\" width=\"1024\" height=\"669\" src=\"http:\/\/rnop.ovh\/wp-content\/uploads\/2019\/02\/B\u00e9cassine-des-marais-1024x669.jpg\" alt=\"\" class=\"wp-image-377\" srcset=\"https:\/\/rnop.ovh\/wp-content\/uploads\/2019\/02\/B\u00e9cassine-des-marais-1024x669.jpg 1024w, https:\/\/rnop.ovh\/wp-content\/uploads\/2019\/02\/B\u00e9cassine-des-marais-300x196.jpg 300w, https:\/\/rnop.ovh\/wp-content\/uploads\/2019\/02\/B\u00e9cassine-des-marais-768x502.jpg 768w\" sizes=\"(max-width: 706px) 89vw, (max-width: 767px) 82vw, 740px\" \/><figcaption>B\u00e9cassine des marais<\/figcaption><\/figure>\n\n\n\n<h3><strong>Pr\u00e9sence saisonni\u00e8re<\/strong><\/h3>\n\n\n\n<h4><strong>1 &#8211; Janvier \u2013 F\u00e9vrier<\/strong><\/h4>\n\n\n\n<p><strong>Il\ns\u2019agit essentiellement d\u2019oiseaux hivernant sur le site ou dans la\nr\u00e9gion et qui y s\u00e9journent en permanence ou temporairement.<br>\n<\/strong><br>\n\n<\/p>\n\n\n\n<h4><strong><em>a)  Hivernants permanents<\/em><\/strong><\/h4>\n\n\n\n<figure class=\"wp-block-table\"><table><tbody><tr><td>Butor \u00e9toil\u00e9<\/td><td>Chardonneret \u00e9l\u00e9gant<\/td><td>Sarcelle d&rsquo;hiver<\/td><\/tr><tr><td>Bruant des roseaux<\/td><td>Panure \u00e0 moustaches<\/td><td>Tarin des aulnes<\/td><\/tr><\/tbody><\/table><\/figure>\n\n\n\n<h4><em>b) <\/em> Hivernants occasionnels<\/h4>\n\n\n\n<figure class=\"wp-block-table\"><table><tbody><tr><td>B\u00e9casse<br> des bois<\/td><td>Busard<br> Saint-Martin<\/td><td>Harle<br> piette<\/td><td>Roitelet<br> triple bandeau<\/td><\/tr><tr><td>Bouvreuil<br> pivoine<\/td><td>Canard<br> pilet<\/td><td>Pouillot<br> v\u00e9loce<\/td><td>Sizerin <br>cabaret<\/td><\/tr><tr><td>Busard<br> des roseaux<\/td><td>Canard<br> siffleur<\/td><td>R\u00e9miz<br> penduline<\/td><td>Sizerin<br> bor\u00e9al<\/td><\/tr><\/tbody><\/table><\/figure>\n\n\n\n<figure class=\"wp-block-image\"><img loading=\"lazy\" width=\"1024\" height=\"721\" src=\"http:\/\/rnop.ovh\/wp-content\/uploads\/2019\/02\/Panure-\u00e0-moustaches-1024x721.jpg\" alt=\"\" class=\"wp-image-378\" srcset=\"https:\/\/rnop.ovh\/wp-content\/uploads\/2019\/02\/Panure-\u00e0-moustaches-1024x721.jpg 1024w, https:\/\/rnop.ovh\/wp-content\/uploads\/2019\/02\/Panure-\u00e0-moustaches-300x211.jpg 300w, https:\/\/rnop.ovh\/wp-content\/uploads\/2019\/02\/Panure-\u00e0-moustaches-768x540.jpg 768w\" sizes=\"(max-width: 706px) 89vw, (max-width: 767px) 82vw, 740px\" \/><figcaption>Panure \u00e0 moustaches<br><br><\/figcaption><\/figure>\n\n\n\n<h3><strong>2 &#8211; Mars<\/strong><\/h3>\n\n\n\n<p>Les\npremiers mouvements migratoires commencent. Chass\u00e9-crois\u00e9 entre les\nhivernants qui quittent le site et les estivants qui arrivent ou font\nune halte.<\/p>\n\n\n\n<h4><em>a)  Estivants nicheurs sur site ou secteur proche<\/em><\/h4>\n\n\n\n<figure class=\"wp-block-table\"><table><tbody><tr><td>Bruant<br> des roseaux<\/td><td>Fuligule<br> nyroca*<\/td><td>Hirondelle<br> rustique<\/td><td>Pouillot<br> v\u00e9loce<\/td><\/tr><tr><td>Busard<br> des roseaux<\/td><td>Gr\u00e8be<br> \u00e0 cou noir<\/td><td>Phragmite<br> des joncs<\/td><td>Roitelet<br> triple bandeaux<\/td><\/tr><\/tbody><\/table><\/figure>\n\n\n\n<p>(*)\nM\u00e2le pr\u00e9sent depuis plusieurs ann\u00e9es.<\/p>\n\n\n\n<h4><em>b)  Estivants de passage (rares)<\/em><\/h4>\n\n\n\n<figure class=\"wp-block-table\"><table><tbody><tr><td>Avocette \u00e9l\u00e9gante<\/td><td>Cigogne blanche<\/td><td>Milan noir<\/td><\/tr><tr><td>Barge \u00e0 queue noire<\/td><td>Cigogne noire<\/td><td>Milan royal<\/td><\/tr><\/tbody><\/table><\/figure>\n\n\n\n<figure class=\"wp-block-image\"><img loading=\"lazy\" width=\"1024\" height=\"683\" src=\"http:\/\/rnop.ovh\/wp-content\/uploads\/2019\/02\/Milan-royal-1024x683.jpg\" alt=\"\" class=\"wp-image-379\" srcset=\"https:\/\/rnop.ovh\/wp-content\/uploads\/2019\/02\/Milan-royal-1024x683.jpg 1024w, https:\/\/rnop.ovh\/wp-content\/uploads\/2019\/02\/Milan-royal-300x200.jpg 300w, https:\/\/rnop.ovh\/wp-content\/uploads\/2019\/02\/Milan-royal-768x512.jpg 768w\" sizes=\"(max-width: 706px) 89vw, (max-width: 767px) 82vw, 740px\" \/><figcaption>Busard des roseaux <\/figcaption><\/figure>\n\n\n\n<h3><strong>3 &#8211; Avril<\/strong><\/h3>\n\n\n\n<p><em>Les\nmouvements migratoires s\u2019intensifient avec l\u2019arriv\u00e9e de la\nplupart des estivants nicheurs et de nombreux estivants en halte qui\ns\u2019ajoutent \u00e0 ceux du mois de mars. <\/em>\n<\/p>\n\n\n\n<h4><em>a)  Estivants nicheurs sur site ou secteur<\/em> proche<\/h4>\n\n\n\n<figure class=\"wp-block-table\"><table><tbody><tr><td>Bergeronnette<br> ruisseaux<\/td><td>Fauvette<br> babillarde<\/td><td>Hirondelle<br> de rivage<\/td><td>Rousserolle<br> effarvatte<\/td><\/tr><tr><td>Butor<br> \u00e9toil\u00e9<\/td><td>Fauvette<br> des jardins<\/td><td>Martinet<br> noir <\/td><td>Rousserolle<br> verderolle<\/td><\/tr><tr><td>Coucou<br> gris<\/td><td>Fauvette<br> grisette<\/td><td>Panure<br> \u00e0 moustaches<\/td><td>Sarcelles<br> d&rsquo;\u00e9t\u00e9<\/td><\/tr><tr><td>Faucon<br> hobereau<\/td><td>Gorgebleue<br> \u00e0 miroir<\/td><td>Petit<br> gravelot<\/td><td><\/td><\/tr><tr><td>Fauvette<br> \u00e0 t\u00eate noire<\/td><td>Hirondelle<br> de fen\u00eatre<\/td><td>Pouillot<br> fitis<\/td><td><\/td><\/tr><\/tbody><\/table><\/figure>\n\n\n\n<h4><em>b)  Estivants de passage<\/em><\/h4>\n\n\n\n<figure class=\"wp-block-table\"><table><tbody><tr><td>Balbuzard<br> p\u00eacheur<\/td><td>Chevalier<br> arlequin<\/td><td>Chevalier<br> sylvain (1)<\/td><td>Grue<br> cendr\u00e9e (1)<\/td><\/tr><tr><td>Barge<br> rousse (1)<\/td><td>Chevalier<br> cul-blanc<\/td><td>Combattant<br>vari\u00e9 (1)<\/td><td>Pipit<br> spioncelle<\/td><\/tr><tr><td>Canard<br> pilet<\/td><td>Chevalier<br> gambette<\/td><td>H\u00e9ron<br> pourpr\u00e9<\/td><td>Rossignol<br> philom\u00e8ne (1)<\/td><\/tr><tr><td>Chevalier<br> aboyeur<\/td><td>Chevalier<br> guignette<\/td><td>Hibou<br> des marais (1)<\/td><td>Tarier<br> des pr\u00e8s<\/td><\/tr><\/tbody><\/table><\/figure>\n\n\n\n<p>(1)\n\u2013 rares<\/p>\n\n\n\n<figure class=\"wp-block-image\"><img loading=\"lazy\" width=\"1024\" height=\"682\" src=\"http:\/\/rnop.ovh\/wp-content\/uploads\/2019\/02\/Gorgebleue-\u00e0-miroir-2-1024x682.jpg\" alt=\"\" class=\"wp-image-380\" srcset=\"https:\/\/rnop.ovh\/wp-content\/uploads\/2019\/02\/Gorgebleue-\u00e0-miroir-2-1024x682.jpg 1024w, https:\/\/rnop.ovh\/wp-content\/uploads\/2019\/02\/Gorgebleue-\u00e0-miroir-2-300x200.jpg 300w, https:\/\/rnop.ovh\/wp-content\/uploads\/2019\/02\/Gorgebleue-\u00e0-miroir-2-768x512.jpg 768w, https:\/\/rnop.ovh\/wp-content\/uploads\/2019\/02\/Gorgebleue-\u00e0-miroir-2.jpg 1993w\" sizes=\"(max-width: 706px) 89vw, (max-width: 767px) 82vw, 740px\" \/><figcaption>Gorgebleue \u00e0 miroir<\/figcaption><\/figure>\n\n\n\n<h3><strong>4 \u2013 Mai<\/strong><\/h3>\n\n\n\n<p>Les\nestivants nicheurs sont presque tous arriv\u00e9s. Les derniers estivants\nde passage peuvent encore \u00eatre observ\u00e9s \n<\/p>\n\n\n\n<h4><em>a)  Estivants nicheurs sur site ou secteur proche<\/em><\/h4>\n\n\n\n<figure class=\"wp-block-table\"><table><tbody><tr><td>Bondr\u00e9e apivore<\/td><td>Tourterelle des bois<\/td><\/tr><\/tbody><\/table><\/figure>\n\n\n\n<h4><strong><em>b)  Estivants de passage (rares)<\/em><\/strong><\/h4>\n\n\n\n<figure class=\"wp-block-table\"><table><tbody><tr><td>B\u00e9casseau maub\u00e8che<\/td><td>Hypola\u00efs ict\u00e9rine<\/td><td>Sterne pierregarin<\/td><\/tr><tr><td>Guiffette noire<\/td><td>Hypola\u00efs polyglotte<\/td><td><\/td><\/tr><\/tbody><\/table><\/figure>\n\n\n\n<h3><strong>5 \u2013 Juin &#8211; Juillet<\/strong><\/h3>\n\n\n\n<p>Sont\npr\u00e9sents tous les oiseaux estivants nicheurs du site et du secteur +\nles permanents.<\/p>\n\n\n\n<figure class=\"wp-block-image\"><img loading=\"lazy\" width=\"1024\" height=\"712\" src=\"http:\/\/rnop.ovh\/wp-content\/uploads\/2019\/02\/Bruant-des-roseaux-1-1024x712.jpg\" alt=\"\" class=\"wp-image-381\" srcset=\"https:\/\/rnop.ovh\/wp-content\/uploads\/2019\/02\/Bruant-des-roseaux-1-1024x712.jpg 1024w, https:\/\/rnop.ovh\/wp-content\/uploads\/2019\/02\/Bruant-des-roseaux-1-300x209.jpg 300w, https:\/\/rnop.ovh\/wp-content\/uploads\/2019\/02\/Bruant-des-roseaux-1-768x534.jpg 768w\" sizes=\"(max-width: 706px) 89vw, (max-width: 767px) 82vw, 740px\" \/><figcaption>Bruant des roseaux<\/figcaption><\/figure>\n\n\n\n<h3><strong>6 \u2013 Ao\u00fbt<\/strong><\/h3>\n\n\n\n<p>Les\npremiers mouvements migratoires s\u2019amorcent avec des oiseaux en\nhalte ou de passage, notamment des juv\u00e9niles \u00e9mancip\u00e9s. Les\npremiers hivernants arrivent.<\/p>\n\n\n\n<figure class=\"wp-block-table\"><table><tbody><tr><td>Aigrette<br> garzette<\/td><td>Chevalier<br> arlequin<\/td><td>Combattant<br> vari\u00e9<\/td><td>H\u00e9ron <br>pourpr\u00e9<\/td><\/tr><tr><td>Balbuzard<br> p\u00eacheur <\/td><td>Chevaler<br> cul-blanc<\/td><td>Cigogne<br> blanche<\/td><td>Spatule<br> blanche<br><\/td><\/tr><tr><td>Barge<br> rousse<\/td><td>Chevalier<br> gambette<\/td><td>Cigogne<br> noire<\/td><td>Sterne<br> pierregarin<\/td><\/tr><tr><td>B\u00e9cassine<br> des marais <\/td><td>Chevalier<br> guignette<\/td><td>Grand<br> gravelot<\/td><td>Tadorne<br> de Belon<\/td><\/tr><tr><td>Chevalier<br> aboyeur<\/td><td>Chevalier<br> sylvain<\/td><td>Grande<br> aigrette<\/td><td><\/td><\/tr><\/tbody><\/table><\/figure>\n\n\n\n<figure class=\"wp-block-image\"><img loading=\"lazy\" width=\"1024\" height=\"682\" src=\"http:\/\/rnop.ovh\/wp-content\/uploads\/2019\/02\/Balbuzard-p\u00eacheur-1024x682.jpg\" alt=\"\" class=\"wp-image-382\" srcset=\"https:\/\/rnop.ovh\/wp-content\/uploads\/2019\/02\/Balbuzard-p\u00eacheur-1024x682.jpg 1024w, https:\/\/rnop.ovh\/wp-content\/uploads\/2019\/02\/Balbuzard-p\u00eacheur-300x200.jpg 300w, https:\/\/rnop.ovh\/wp-content\/uploads\/2019\/02\/Balbuzard-p\u00eacheur-768x512.jpg 768w, https:\/\/rnop.ovh\/wp-content\/uploads\/2019\/02\/Balbuzard-p\u00eacheur.jpg 1648w\" sizes=\"(max-width: 706px) 89vw, (max-width: 767px) 82vw, 740px\" \/><figcaption>Balbuzard p\u00eacheur<\/figcaption><\/figure>\n\n\n\n<h3><strong>7 \u2013 Septembre<\/strong><\/h3>\n\n\n\n<p>Le\nmouvement migratoire s\u2019amplifie, de nouvelles esp\u00e8ces s\u2019ajoutent\n\u00e0 celles observ\u00e9es en ao\u00fbt et encore pr\u00e9sentes.<br>\nLes oiseaux\nnicheurs peuvent toujours \u00eatre contact\u00e9s mais quittent\nprogressivement le site et peuvent \u00eatre remplac\u00e9s par des\nmigrateurs nordiques qui viennent hiverner ou faire une halte dans\nleur voyage vers le Sud.<\/p>\n\n\n\n<h4><em>a)  Hivernants permanents<\/em><\/h4>\n\n\n\n<figure class=\"wp-block-table\"><table><tbody><tr><td>Aigrette garzette<\/td><td>Butor \u00e9toil\u00e9<\/td><td>Sarcelle d&rsquo;hiver<\/td><\/tr><tr><td>Buzard des roseaux<\/td><td>Grande aigrette<\/td><td><\/td><\/tr><\/tbody><\/table><\/figure>\n\n\n\n<h4><em>b)  Estivants de passage (rares)<\/em><\/h4>\n\n\n\n<figure class=\"wp-block-table\"><table><tbody><tr><td>Busard Saint Martin<\/td><td>M\u00e9sange noire<\/td><td>Milan royal<\/td><\/tr><tr><td>Canard siffleur<\/td><td>Milan noir<\/td><td>R\u00e9miz penduline<\/td><\/tr><\/tbody><\/table><\/figure>\n\n\n\n<figure class=\"wp-block-image\"><img loading=\"lazy\" width=\"1024\" height=\"683\" src=\"http:\/\/rnop.ovh\/wp-content\/uploads\/2019\/02\/Butor-\u00e9toil\u00e9-1024x683.jpg\" alt=\"\" class=\"wp-image-383\" srcset=\"https:\/\/rnop.ovh\/wp-content\/uploads\/2019\/02\/Butor-\u00e9toil\u00e9-1024x683.jpg 1024w, https:\/\/rnop.ovh\/wp-content\/uploads\/2019\/02\/Butor-\u00e9toil\u00e9-300x200.jpg 300w, https:\/\/rnop.ovh\/wp-content\/uploads\/2019\/02\/Butor-\u00e9toil\u00e9-768x512.jpg 768w\" sizes=\"(max-width: 706px) 89vw, (max-width: 767px) 82vw, 740px\" \/><figcaption>Butor \u00e9toil\u00e9<\/figcaption><\/figure>\n\n\n\n<h3><strong>8 \u2013 Octobre<\/strong><\/h3>\n\n\n\n<p>De\nnouveaux hivernants arrivent et s\u2019ajoutent \u00e0 ceux arriv\u00e9s en ao\u00fbt\net en septembre.<br>\nLes estivants continuent de passer.<\/p>\n\n\n\n<h4><em>a)  Hivernants permanents <\/em> <\/h4>\n\n\n\n<figure class=\"wp-block-table\"><table><tbody><tr><td>Bruant<br> des roseaux<\/td><td>Chardonneret<br> \u00e9l\u00e9gant<\/td><td>Panure<br> \u00e0 moustache<\/td><td>Tarin<br> des aulnes<\/td><\/tr><\/tbody><\/table><\/figure>\n\n\n\n<h4><em>b)  Hivernants occasionnels<\/em><\/h4>\n\n\n\n<figure class=\"wp-block-table\"><table><tbody><tr><td>Bouvreuil pivoine <\/td><td>Go\u00e9land argent\u00e9<\/td><td>Grive mauvis<\/td><\/tr><tr><td>Canard pilet<\/td><td>Go\u00e9land leucoph\u00e9e<\/td><td>Pinson du Nord<\/td><\/tr><\/tbody><\/table><\/figure>\n\n\n\n<h4><em>c)  Estivants de passage<\/em><\/h4>\n\n\n\n<figure class=\"wp-block-table\"><table><tbody><tr><td>Alouette des champs<\/td><td>Bondr\u00e9e apivore<\/td><td>H\u00e9ron garde-b\u0153ufs<\/td><\/tr><tr><td>Autour des palombes<\/td><td>Grosbec casse noyaux<\/td><td>Pipit farlouse<br><\/td><\/tr><\/tbody><\/table><\/figure>\n\n\n\n<figure class=\"wp-block-image\"><img loading=\"lazy\" width=\"1024\" height=\"683\" src=\"http:\/\/rnop.ovh\/wp-content\/uploads\/2019\/02\/Tarin-des-aulnes-1024x683.jpg\" alt=\"\" class=\"wp-image-384\" srcset=\"https:\/\/rnop.ovh\/wp-content\/uploads\/2019\/02\/Tarin-des-aulnes-1024x683.jpg 1024w, https:\/\/rnop.ovh\/wp-content\/uploads\/2019\/02\/Tarin-des-aulnes-300x200.jpg 300w, https:\/\/rnop.ovh\/wp-content\/uploads\/2019\/02\/Tarin-des-aulnes-768x512.jpg 768w\" sizes=\"(max-width: 706px) 89vw, (max-width: 767px) 82vw, 740px\" \/><figcaption>Tarin des aulnes m\u00e2le<\/figcaption><\/figure>\n\n\n\n<h3><strong>9 \u2013 D\u00e9cembre &#8211; Novembre<\/strong><\/h3>\n\n\n\n<p>Tous\nles hivernants sont arriv\u00e9s, auxquels s\u2019ajoutent quelques\noccasionnels. Les derniers migrateurs sont de passage.<\/p>\n\n\n\n<h4><em>a)  Hivernants occasionnels<\/em><\/h4>\n\n\n\n<figure class=\"wp-block-table\"><table><tbody><tr><td>Grive litorne<\/td><td>Sizerin bor\u00e9al<\/td><td>Sizerin cabaret<\/td><\/tr><\/tbody><\/table><\/figure>\n\n\n\n<h4><em>b)  Estivants de passage<\/em><\/h4>\n\n\n\n<figure class=\"wp-block-table\"><table><tbody><tr><td>Oie cendr\u00e9e<\/td><td>Oie rieuse<\/td><\/tr><\/tbody><\/table><\/figure>\n\n\n\n<figure class=\"wp-block-image\"><img loading=\"lazy\" width=\"1024\" height=\"683\" src=\"http:\/\/rnop.ovh\/wp-content\/uploads\/2019\/02\/Sizerin-bor\u00e9al-1024x683.jpg\" alt=\"\" class=\"wp-image-441\" srcset=\"https:\/\/rnop.ovh\/wp-content\/uploads\/2019\/02\/Sizerin-bor\u00e9al-1024x683.jpg 1024w, https:\/\/rnop.ovh\/wp-content\/uploads\/2019\/02\/Sizerin-bor\u00e9al-300x200.jpg 300w, https:\/\/rnop.ovh\/wp-content\/uploads\/2019\/02\/Sizerin-bor\u00e9al-768x512.jpg 768w, https:\/\/rnop.ovh\/wp-content\/uploads\/2019\/02\/Sizerin-bor\u00e9al.jpg 2048w\" sizes=\"(max-width: 706px) 89vw, (max-width: 767px) 82vw, 740px\" \/><figcaption>Sizerin bor\u00e9al<\/figcaption><\/figure>\n\n\n\n<h2> <strong>Quand observer les mammif\u00e8res&nbsp;?<\/strong><\/h2>\n\n\n\n<p>Les\nmammif\u00e8res recens\u00e9s sur le site de la RNOP sont pr\u00e9sents et\nobservables pratiquement toute l\u2019ann\u00e9e avec, pour certains (les\nmust\u00e9lid\u00e9s), un pic d\u2019observation en p\u00e9riode de reproduction et\nde sevrage des jeunes (Mai et Juin). \n<\/p>\n\n\n\n<figure class=\"wp-block-table\"><table><tbody><tr><td>Belette<\/td><td>Lapin<br> de garenne<\/td><td>Musaraigne<br> aquatique<\/td><td>Rat<br> musqu\u00e9<\/td><\/tr><tr><td>Chevreuil <br>d&rsquo;Europe<\/td><td>L\u00e9rot<\/td><td>Musaraigne <br>couronn\u00e9e<\/td><td>Renard <br>roux<\/td><\/tr><tr><td>Fouine <\/td><td>Li\u00e8vre<br> d&rsquo;Europe<\/td><td>Putois<br> d&rsquo;Europe <\/td><td>Surmulot<\/td><\/tr><tr><td>Hermine<\/td><td>Mulot<br> sylvestre<\/td><td>Rat<br> des moissons<\/td><td>Taupe<br> d&rsquo;Europe<\/td><\/tr><\/tbody><\/table><\/figure>\n\n\n\n<figure class=\"wp-block-image\"><img loading=\"lazy\" width=\"1024\" height=\"683\" src=\"http:\/\/rnop.ovh\/wp-content\/uploads\/2019\/02\/Putois-dEurope-1024x683.jpg\" alt=\"\" class=\"wp-image-386\" srcset=\"https:\/\/rnop.ovh\/wp-content\/uploads\/2019\/02\/Putois-dEurope-1024x683.jpg 1024w, https:\/\/rnop.ovh\/wp-content\/uploads\/2019\/02\/Putois-dEurope-300x200.jpg 300w, https:\/\/rnop.ovh\/wp-content\/uploads\/2019\/02\/Putois-dEurope-768x512.jpg 768w\" sizes=\"(max-width: 706px) 89vw, (max-width: 767px) 82vw, 740px\" \/><figcaption>Putois d&rsquo;Europe<\/figcaption><\/figure>\n\n\n\n<p><\/p>\n\n\n\n<p><\/p>\n","protected":false},"excerpt":{"rendered":"<p>Quand observer les oiseaux&nbsp;? Comme sur la plupart des sites ornithologiques, la RNOP accueille une grande vari\u00e9t\u00e9 d\u2019oiseaux, mais tous ne sont pas pr\u00e9sents en m\u00eame temps. En effet, quand un certain nombre d\u2019oiseaux sont pr\u00e9sents toute l\u2019ann\u00e9e, qu\u2019ils nichent sur place ou dans les environs, d\u2019autres ne s\u00e9journent que pour s\u2019y reproduire, en arrivant &hellip; <\/p>\n<p class=\"link-more\"><a href=\"https:\/\/rnop.ovh\/?page_id=356\" class=\"more-link\">Continuer la lecture<span class=\"screen-reader-text\"> de &laquo;&nbsp;Au fil des saisons&nbsp;&raquo;<\/span><\/a><\/p>\n","protected":false},"author":1,"featured_media":0,"parent":0,"menu_order":0,"comment_status":"closed","ping_status":"closed","template":"","meta":[],"_links":{"self":[{"href":"https:\/\/rnop.ovh\/index.php?rest_route=\/wp\/v2\/pages\/356"}],"collection":[{"href":"https:\/\/rnop.ovh\/index.php?rest_route=\/wp\/v2\/pages"}],"about":[{"href":"https:\/\/rnop.ovh\/index.php?rest_route=\/wp\/v2\/types\/page"}],"author":[{"embeddable":true,"href":"https:\/\/rnop.ovh\/index.php?rest_route=\/wp\/v2\/users\/1"}],"replies":[{"embeddable":true,"href":"https:\/\/rnop.ovh\/index.php?rest_route=%2Fwp%2Fv2%2Fcomments&post=356"}],"version-history":[{"count":29,"href":"https:\/\/rnop.ovh\/index.php?rest_route=\/wp\/v2\/pages\/356\/revisions"}],"predecessor-version":[{"id":786,"href":"https:\/\/rnop.ovh\/index.php?rest_route=\/wp\/v2\/pages\/356\/revisions\/786"}],"wp:attachment":[{"href":"https:\/\/rnop.ovh\/index.php?rest_route=%2Fwp%2Fv2%2Fmedia&parent=356"}],"curies":[{"name":"wp","href":"https:\/\/api.w.org\/{rel}","templated":true}]}}