{"id":485,"date":"2019-02-17T17:00:16","date_gmt":"2019-02-17T16:00:16","guid":{"rendered":"http:\/\/rnop.ovh\/?page_id=485"},"modified":"2021-02-23T17:23:56","modified_gmt":"2021-02-23T16:23:56","slug":"chroniques-ornithologiques","status":"publish","type":"page","link":"https:\/\/rnop.ovh\/?page_id=485","title":{"rendered":"Chroniques ornithologiques et mammalogiques"},"content":{"rendered":"<!-- \/wp:paragraph -->\n\n<!-- wp:preformatted -->\n<pre class=\"wp-block-preformatted\"><a href=\"http:\/\/rnop.ovh\/?p=765\">CHRONIQUES RNOP 4\u00c8ME TRIMESTRE 2020<\/a><\/pre>\n<!-- \/wp:preformatted -->\n\n<!-- wp:paragraph -->\n<!-- \/wp:paragraph -->\n\n<!-- wp:preformatted -->\n<pre class=\"wp-block-preformatted\"><a href=\"http:\/\/rnop.ovh\/?p=742\">CHRONIQUES RNOP 3\u00c8ME TRIMESTRE 2020<\/a><\/pre>\n<!-- \/wp:preformatted -->\n\n<!-- wp:paragraph -->\n\n<!-- \/wp:paragraph -->\n\n<!-- wp:preformatted -->\n<pre class=\"wp-block-preformatted\"><a href=\"http:\/\/rnop.ovh\/?p=728\">CHRONIQUES RNOP 2\u00c8ME TRIMESTRE 2020<\/a><\/pre>\n<!-- \/wp:preformatted -->\n\n<!-- wp:paragraph -->\n\n<!-- \/wp:paragraph -->\n\n<!-- wp:preformatted -->\n<pre class=\"wp-block-preformatted\"><a href=\"http:\/\/rnop.ovh\/?p=681\">CHRONIQUES RNOP 1ER TRIMESTRE 2020<\/a><\/pre>\n<!-- \/wp:preformatted -->\n\n<!-- wp:paragraph -->\n\n<!-- \/wp:paragraph -->\n\n<!-- wp:preformatted -->\n<pre class=\"wp-block-preformatted\"><a href=\"http:\/\/rnop.ovh\/?p=670\">CHRONIQUES RNOP 4\u00c8ME TRIMESTRE 2019<\/a><\/pre>\n<!-- \/wp:preformatted -->\n\n<!-- wp:paragraph -->\n\n<!-- \/wp:paragraph -->\n\n<!-- wp:preformatted -->\n<pre class=\"wp-block-preformatted\"><a href=\"http:\/\/rnop.ovh\/?p=587\">BAGUAGE D\u2019HIRONDELLES DE RIVAGE \u00c0 LA RNOP<\/a><\/pre>\n<!-- \/wp:preformatted -->\n\n<!-- wp:preformatted -->\n<pre class=\"wp-block-preformatted\"><a href=\"http:\/\/rnop.ovh\/?p=645\">CHRONIQUES RNOP 3\u00c8ME TRIMESTRE 2019<\/a><\/pre>\n<!-- \/wp:preformatted -->\n\n<!-- wp:paragraph -->\n\n<!-- \/wp:paragraph -->\n\n<!-- wp:paragraph -->\n\n<!-- \/wp:paragraph -->\n\n<!-- wp:preformatted -->\n<pre class=\"wp-block-preformatted\"><a href=\"http:\/\/rnop.ovh\/?p=635\">RECENSEMENT DES L\u00c9ROTS \u00c0 LA RNOP ET AUX \u00c9TANGS DECONINCK,  LE 28 SEPTEMBRE 2019<\/a><\/pre>\n<!-- \/wp:preformatted -->\n\n<!-- wp:paragraph -->\n\n<!-- \/wp:paragraph -->","protected":false},"excerpt":{"rendered":"<p>CHRONIQUES RNOP 4\u00c8ME TRIMESTRE 2020 CHRONIQUES RNOP 3\u00c8ME TRIMESTRE 2020 CHRONIQUES RNOP 2\u00c8ME TRIMESTRE 2020 CHRONIQUES RNOP 1ER TRIMESTRE 2020 CHRONIQUES RNOP 4\u00c8ME TRIMESTRE 2019 BAGUAGE D\u2019HIRONDELLES DE RIVAGE \u00c0 LA RNOP CHRONIQUES RNOP 3\u00c8ME TRIMESTRE 2019 RECENSEMENT DES L\u00c9ROTS \u00c0 LA RNOP ET AUX \u00c9TANGS DECONINCK, LE 28 SEPTEMBRE 2019<\/p>\n","protected":false},"author":1,"featured_media":0,"parent":0,"menu_order":0,"comment_status":"closed","ping_status":"closed","template":"","meta":[],"_links":{"self":[{"href":"https:\/\/rnop.ovh\/index.php?rest_route=\/wp\/v2\/pages\/485"}],"collection":[{"href":"https:\/\/rnop.ovh\/index.php?rest_route=\/wp\/v2\/pages"}],"about":[{"href":"https:\/\/rnop.ovh\/index.php?rest_route=\/wp\/v2\/types\/page"}],"author":[{"embeddable":true,"href":"https:\/\/rnop.ovh\/index.php?rest_route=\/wp\/v2\/users\/1"}],"replies":[{"embeddable":true,"href":"https:\/\/rnop.ovh\/index.php?rest_route=%2Fwp%2Fv2%2Fcomments&post=485"}],"version-history":[{"count":21,"href":"https:\/\/rnop.ovh\/index.php?rest_route=\/wp\/v2\/pages\/485\/revisions"}],"predecessor-version":[{"id":832,"href":"https:\/\/rnop.ovh\/index.php?rest_route=\/wp\/v2\/pages\/485\/revisions\/832"}],"wp:attachment":[{"href":"https:\/\/rnop.ovh\/index.php?rest_route=%2Fwp%2Fv2%2Fmedia&parent=485"}],"curies":[{"name":"wp","href":"https:\/\/api.w.org\/{rel}","templated":true}]}}