{"id":486,"date":"2019-02-17T17:00:16","date_gmt":"2019-02-17T16:00:16","guid":{"rendered":"http:\/\/rnop.ovh\/?page_id=486"},"modified":"2023-09-11T15:19:25","modified_gmt":"2023-09-11T13:19:25","slug":"actualites","status":"publish","type":"page","link":"https:\/\/rnop.ovh\/?page_id=486","title":{"rendered":"Actualit\u00e9s"},"content":{"rendered":"\n<pre class=\"wp-block-preformatted\"><a href=\"http:\/\/rnop.ovh\/?p=621\">ANALYSE DE PELOTES DE R\u00c9JECTIONS DE L'EFFRAIE DES CLOCHERS<\/a><\/pre>\n\n\n\n<pre class=\"wp-block-preformatted\"><a href=\"http:\/\/rnop.ovh\/?p=587\">BAGUAGE D\u2019HIRONDELLES DE RIVAGE \u00c0 LA RNOP<\/a><\/pre>\n\n\n\n<pre class=\"wp-block-preformatted\"><a href=\"http:\/\/rnop.ovh\/?p=136\">VISITE GUID\u00c9E MENSUELLE <br>(gratuite)<br> du 05 AO\u00dbT 2018<\/a><\/pre>\n\n\n\n<pre class=\"wp-block-preformatted\"><a href=\"http:\/\/rnop.ovh\/?p=134\">LES REGLES D'OR de la visite<\/a><\/pre>\n\n\n\n<pre class=\"wp-block-preformatted\"><a href=\"http:\/\/rnop.ovh\/?p=132\">PRESENTATION DE LA RNOP<\/a><\/pre>\n\n\n\n<pre class=\"wp-block-preformatted\"><a href=\"http:\/\/rnop.ovh\/?p=126\">Deux spatules blanches bagu\u00e9es observ\u00e9es \u00e0 la RNOP<\/a><\/pre>\n\n\n\n<pre class=\"wp-block-preformatted\"><a href=\"http:\/\/rnop.ovh\/?p=124\">VISITE MENSUELLE de la RESERVE<\/a><\/pre>\n\n\n\n<pre class=\"wp-block-preformatted\"><a href=\"http:\/\/rnop.ovh\/?p=122\">Pourquoi couper le buddl\u00e9ia ?<\/a><\/pre>\n\n\n\n<pre class=\"wp-block-preformatted\"><a href=\"http:\/\/rnop.ovh\/?p=108\">Le L\u00e9rot<\/a><\/pre>\n\n\n\n<pre class=\"wp-block-preformatted\"><a href=\"http:\/\/rnop.ovh\/?p=106\">LA BIODIVERSITE<\/a><\/pre>\n\n\n\n<pre class=\"wp-block-preformatted\"><a href=\"http:\/\/rnop.ovh\/?p=104\">TREKTELLEN....Qu\u00e9sako lorsqu'on est pas n\u00e9erlandophone ????<\/a><\/pre>\n\n\n\n<pre class=\"wp-block-preformatted\"><a href=\"http:\/\/rnop.ovh\/?p=101\">DHOE .....qu\u00e9sako<\/a><\/pre>\n","protected":false},"excerpt":{"rendered":"<p>ANALYSE DE PELOTES DE R\u00c9JECTIONS DE L&rsquo;EFFRAIE DES CLOCHERS BAGUAGE D\u2019HIRONDELLES DE RIVAGE \u00c0 LA RNOP VISITE GUID\u00c9E MENSUELLE (gratuite) du 05 AO\u00dbT 2018 LES REGLES D&rsquo;OR de la visite PRESENTATION DE LA RNOP Deux spatules blanches bagu\u00e9es observ\u00e9es \u00e0 la RNOP VISITE MENSUELLE de la RESERVE Pourquoi couper le buddl\u00e9ia ? Le L\u00e9rot LA &hellip; <\/p>\n<p class=\"link-more\"><a href=\"https:\/\/rnop.ovh\/?page_id=486\" class=\"more-link\">Continuer la lecture<span class=\"screen-reader-text\"> de &laquo;&nbsp;Actualit\u00e9s&nbsp;&raquo;<\/span><\/a><\/p>\n","protected":false},"author":1,"featured_media":0,"parent":0,"menu_order":0,"comment_status":"closed","ping_status":"closed","template":"","meta":[],"_links":{"self":[{"href":"https:\/\/rnop.ovh\/index.php?rest_route=\/wp\/v2\/pages\/486"}],"collection":[{"href":"https:\/\/rnop.ovh\/index.php?rest_route=\/wp\/v2\/pages"}],"about":[{"href":"https:\/\/rnop.ovh\/index.php?rest_route=\/wp\/v2\/types\/page"}],"author":[{"embeddable":true,"href":"https:\/\/rnop.ovh\/index.php?rest_route=\/wp\/v2\/users\/1"}],"replies":[{"embeddable":true,"href":"https:\/\/rnop.ovh\/index.php?rest_route=%2Fwp%2Fv2%2Fcomments&post=486"}],"version-history":[{"count":8,"href":"https:\/\/rnop.ovh\/index.php?rest_route=\/wp\/v2\/pages\/486\/revisions"}],"predecessor-version":[{"id":629,"href":"https:\/\/rnop.ovh\/index.php?rest_route=\/wp\/v2\/pages\/486\/revisions\/629"}],"wp:attachment":[{"href":"https:\/\/rnop.ovh\/index.php?rest_route=%2Fwp%2Fv2%2Fmedia&parent=486"}],"curies":[{"name":"wp","href":"https:\/\/api.w.org\/{rel}","templated":true}]}}