{"id":53,"date":"2019-01-27T12:42:57","date_gmt":"2019-01-27T11:42:57","guid":{"rendered":"http:\/\/rnop.ovh\/?page_id=53"},"modified":"2019-02-17T17:19:41","modified_gmt":"2019-02-17T16:19:41","slug":"a-propos-de","status":"publish","type":"page","link":"https:\/\/rnop.ovh\/","title":{"rendered":"Bienvenue sur le site internet de la R\u00e9serve Naturelle et Ornithologique de Ploegsteert !"},"content":{"rendered":"<p>Situ\u00e9 au c\u0153ur de la vall\u00e9e de la Lys, ce site remarquable de 100 hectares est un r\u00e9gal pour les amateurs d\u2019oiseaux.<\/p>\n<p><img loading=\"lazy\" class=\"size-medium wp-image-88 alignright\" src=\"http:\/\/rnop.ovh\/wp-content\/uploads\/2019\/01\/vue_rnop-1-300x200.jpg\" alt=\"\" width=\"300\" height=\"200\" srcset=\"https:\/\/rnop.ovh\/wp-content\/uploads\/2019\/01\/vue_rnop-1-300x200.jpg 300w, https:\/\/rnop.ovh\/wp-content\/uploads\/2019\/01\/vue_rnop-1-768x512.jpg 768w, https:\/\/rnop.ovh\/wp-content\/uploads\/2019\/01\/vue_rnop-1.jpg 1024w\" sizes=\"(max-width: 300px) 100vw, 300px\" \/><\/p>\n<p>Ce sont sans conteste ses grandes roseli\u00e8res, visibles de toute part, qui font de la R\u00e9serve Naturelle et Ornithologique de Ploegsteert un des hauts lieux de l\u2019ornithologie dans cette zone transfrontali\u00e8re. Vous y observerez, selon les saisons : le butor \u00e9toil\u00e9, le r\u00e2le d\u2019eau, la r\u00e9miz penduline, la panure \u00e0 moustache et bien d\u2019autres oiseaux inf\u00e9od\u00e9s aux roseli\u00e8res.<\/p>\n<p><img loading=\"lazy\" class=\"size-medium wp-image-94 alignright\" src=\"http:\/\/rnop.ovh\/wp-content\/uploads\/2019\/01\/rnop002-300x200.jpg\" alt=\"\" width=\"300\" height=\"200\" srcset=\"https:\/\/rnop.ovh\/wp-content\/uploads\/2019\/01\/rnop002-300x200.jpg 300w, https:\/\/rnop.ovh\/wp-content\/uploads\/2019\/01\/rnop002-768x512.jpg 768w, https:\/\/rnop.ovh\/wp-content\/uploads\/2019\/01\/rnop002.jpg 778w\" sizes=\"(max-width: 300px) 100vw, 300px\" \/><\/p>\n<p>Les berges ont \u00e9t\u00e9 plant\u00e9es d\u2019arbres et arbustes \u00e0 baies comme l\u2019aulne glutineux et l\u2019aub\u00e9pine. Ce garde-manger hivernal attire quantit\u00e9 d\u2019oiseaux tels que le tarin des aulnes, le chardonneret \u00e9l\u00e9gant, les pinsons et m\u00eame le sizerin flamm\u00e9.<\/p>\n<p>Les plans d\u2019eau offrent le g\u00eete et le couvert \u00e0 une multitude de canards ainsi qu\u2019\u00e0 trois esp\u00e8ces de gr\u00e8bes : gr\u00e8be castagneux, gr\u00e8be hupp\u00e9 et gr\u00e8be \u00e0 cou noir.<\/p>\n<p>En septembre et octobre, c\u2019est le balbuzard p\u00eacheur qui nous enchante par ses p\u00eaches acrobatiques.<\/p>\n<p>Depuis les ann\u00e9es 2000, les aigrettes fr\u00e9quentent le site presqu\u2019en permanence. Leur \u00e9l\u00e9gance naturelle ne laisse personne indiff\u00e9rent.<\/p>\n<p>Un large sentier permet de faire le tour de la r\u00e9serve (voir plan) et donne acc\u00e8s \u00e0 un observatoire situ\u00e9 au sein m\u00eame d\u2019une roseli\u00e8re.<\/p>\n<p>Enfin, pour les amateurs d\u2019insectes, l\u2019\u00e9t\u00e9 permet de belles observations, notamment de libellules.<\/p>\n","protected":false},"excerpt":{"rendered":"<p>Situ\u00e9 au c\u0153ur de la vall\u00e9e de la Lys, ce site remarquable de 100 hectares est un r\u00e9gal pour les amateurs d\u2019oiseaux. Ce sont sans conteste ses grandes roseli\u00e8res, visibles de toute part, qui font de la R\u00e9serve Naturelle et Ornithologique de Ploegsteert un des hauts lieux de l\u2019ornithologie dans cette zone transfrontali\u00e8re. Vous y &hellip; <\/p>\n<p class=\"link-more\"><a href=\"https:\/\/rnop.ovh\/\" class=\"more-link\">Continuer la lecture<span class=\"screen-reader-text\"> de &laquo;&nbsp;Bienvenue sur le site internet de la R\u00e9serve Naturelle et Ornithologique de Ploegsteert !&nbsp;&raquo;<\/span><\/a><\/p>\n","protected":false},"author":1,"featured_media":0,"parent":0,"menu_order":0,"comment_status":"closed","ping_status":"closed","template":"","meta":[],"_links":{"self":[{"href":"https:\/\/rnop.ovh\/index.php?rest_route=\/wp\/v2\/pages\/53"}],"collection":[{"href":"https:\/\/rnop.ovh\/index.php?rest_route=\/wp\/v2\/pages"}],"about":[{"href":"https:\/\/rnop.ovh\/index.php?rest_route=\/wp\/v2\/types\/page"}],"author":[{"embeddable":true,"href":"https:\/\/rnop.ovh\/index.php?rest_route=\/wp\/v2\/users\/1"}],"replies":[{"embeddable":true,"href":"https:\/\/rnop.ovh\/index.php?rest_route=%2Fwp%2Fv2%2Fcomments&post=53"}],"version-history":[{"count":7,"href":"https:\/\/rnop.ovh\/index.php?rest_route=\/wp\/v2\/pages\/53\/revisions"}],"predecessor-version":[{"id":507,"href":"https:\/\/rnop.ovh\/index.php?rest_route=\/wp\/v2\/pages\/53\/revisions\/507"}],"wp:attachment":[{"href":"https:\/\/rnop.ovh\/index.php?rest_route=%2Fwp%2Fv2%2Fmedia&parent=53"}],"curies":[{"name":"wp","href":"https:\/\/api.w.org\/{rel}","templated":true}]}}