{"id":67,"date":"2019-01-27T12:42:57","date_gmt":"2019-01-27T11:42:57","guid":{"rendered":"http:\/\/rnop.ovh\/?page_id=67"},"modified":"2019-02-17T12:02:43","modified_gmt":"2019-02-17T11:02:43","slug":"historique-de-la-reserve","status":"publish","type":"page","link":"https:\/\/rnop.ovh\/?page_id=67","title":{"rendered":"Historique de la r\u00e9serve"},"content":{"rendered":"<p><strong>La passion d&rsquo;une vie<\/strong><\/p>\n<p><img loading=\"lazy\" class=\"size-medium wp-image-90 alignright\" src=\"http:\/\/rnop.ovh\/wp-content\/uploads\/2019\/01\/josetahon-278x300.jpg\" alt=\"\" width=\"278\" height=\"300\" srcset=\"https:\/\/rnop.ovh\/wp-content\/uploads\/2019\/01\/josetahon-278x300.jpg 278w, https:\/\/rnop.ovh\/wp-content\/uploads\/2019\/01\/josetahon-768x829.jpg 768w, https:\/\/rnop.ovh\/wp-content\/uploads\/2019\/01\/josetahon.jpg 853w\" sizes=\"(max-width: 278px) 100vw, 278px\" \/><\/p>\n<p>D\u2019aucuns s\u2019\u00e9tonneront de la pr\u00e9sence d\u2019une r\u00e9serve dans un paysage purement agricole comme le n\u00f4tre. Nous ne poss\u00e9dons pas les richesses naturelles des polders ou des milieux dunaires de Flandre, ni la diversit\u00e9 des for\u00eats ardennaises ou des bocages campinois. Et pourtant, une r\u00e9serve naturelle de pr\u00e8s de 120 hectares, la troisi\u00e8me plus importante par la taille du Hainaut, a bien vu le jour dans notre entit\u00e9, et ceci dans le plus grand anonymat.<\/p>\n<p>La chose est si surprenante que bon nombre de Cominois n\u2019en soup\u00e7onnent m\u00eame pas l\u2019existence, alors que celle-ci \u00e9volue \u00e0 leur porte.<\/p>\n<p>L\u2019initiative en revient \u00e0 une seule personne, un amoureux de nature, passionn\u00e9 par la gestion des milieux naturels et l\u2019ornithologie. C\u2019est en 1961, que Jos\u00e9 Tahon, de retour dans notre r\u00e9gion apr\u00e8s un s\u00e9jour \u00e9court\u00e9 au Congo, se fait embaucher par les Briqueteries de Ploegsteert. Tr\u00e8s vite, il gravit les \u00e9chelons de la hi\u00e9rarchie, ce qui lui permet de se rapprocher des g\u00e9rants de l\u2019entreprise. Une complicit\u00e9 s\u2019installe entre Jos\u00e9 et son patron, Mr Joseph De Bruyn, avec lequel il partage un int\u00e9r\u00eat commun pour les beaut\u00e9s de la nature.<\/p>\n<p>Quand il d\u00e9bute sa carri\u00e8re \u00e0 Ploegsteert, Jos\u00e9 ne conna\u00eet encore rien aux oiseaux mais la nature l\u2019attire. Apr\u00e8s sa journ\u00e9e de travail, il aime \u00e0 fl\u00e2ner le long des \u00ab trous \u00bb comme disent les gens du pays. Une grande roseli\u00e8re et une saulaie occupent la majeure partie de l\u2019argili\u00e8re en exploitation et bon nombre d\u2019oiseaux y ont d\u00e9j\u00e0 \u00e9lu domicile. A l\u2019automne, il ne manquerait pour rien au monde les rassemblements d\u2019hirondelles rustiques qui s\u2019abattent dans la roseli\u00e8re afin d\u2019y passer la nuit.<\/p>\n<p>A partir de ce moment, Jos\u00e9 n\u2019aura de cesse de tout mettre en \u0153uvre pour que la nouvelle argili\u00e8re ne connaisse pas ce triste sort. C\u2019est \u00e0 cette \u00e9poque qu\u2019il tombe par hasard sur un bagueur originaire de son village natal de Messines. Il participera r\u00e9guli\u00e8rement aux s\u00e9ances de bagages dans les roseli\u00e8res et aux abords des argili\u00e8res. L\u2019observation des oiseaux pris en main l\u2019impressionne et l\u2019incite \u00e0 approfondir ses connaissances. C\u2019est par ces observations particuli\u00e8res qu\u2019il fait ses premiers pas en ornithologie, sans guide d\u2019identification et en utilisant la vieille paire de jumelles que son p\u00e8re avait ramen\u00e9 d\u2019Allemagne pendant la guerre 40-45.Mais, en 1964, survient un \u00e9v\u00e9nement qui va changer toute sa vie. L\u2019argili\u00e8re en exploitation est abandonn\u00e9e au profit d\u2019une nouvelle zone non loin de l\u00e0. Les pompes qui \u00e9vacuaient les eaux exc\u00e9dentaires vers le ruisseau de la Rabecque sont retir\u00e9es pour \u00eatre install\u00e9es dans la nouvelle parcelle en activit\u00e9. La cons\u00e9quence imm\u00e9diate est la mont\u00e9e inexorable des eaux de sources dans l\u2019argili\u00e8re abandonn\u00e9e. Jos\u00e9 voit alors dispara\u00eetre sous ses yeux un fabuleux marais qui avait mis pr\u00e8s de 20 ans \u00e0 s\u2019installer. Deux ans plus tard, la roseli\u00e8re a d\u00e9j\u00e0 totalement disparue sous les flots, seuls \u00e9mergent encore les saules et les bouleaux. Quelques ann\u00e9es plus tard, il sera d\u00e9cid\u00e9 d\u2019en confier la gestion \u00e0 un groupe de p\u00eacheurs qui fonderont la soci\u00e9t\u00e9 de p\u00eache VPW \u2013 Vrais P\u00eacheurs de Warneton.<\/p>\n<p>En 1969, le projet de cr\u00e9ation d\u2019une r\u00e9serve a d\u00e9j\u00e0 bien m\u00fbri dans son esprit et Jos\u00e9 d\u00e9cide donc d\u2019en faire part \u00e0 Mr Joseph De Bruyn. Ce dernier accueille tout d\u2019abord l\u2019id\u00e9e avec surprise, voire avec une certaine ironie : quel int\u00e9r\u00eat y a-t-il \u00e0 cr\u00e9er une r\u00e9serve naturelle ? La r\u00e9flexion peut para\u00eetre \u00e9tonnante aujourd\u2019hui mais \u00e0 l\u2019\u00e9poque le concept d\u2019\u00e9cologie n\u2019\u00e9tait pas encore \u00e0 la mode et la grande majorit\u00e9 des propri\u00e9taires de briqueteries et de carri\u00e8res de notre r\u00e9gion d\u00e9laissaient les zones d\u2019extraction, une fois l\u2019exploitation termin\u00e9e, quand ils ne les faisaient pas tout bonnement combler avec des d\u00e9chets en tout genre. Mais Jos\u00e9 se montre persuasif, et Mr De Bruyn marque son accord sur le maintien des pompes.<\/p>\n<p>A l\u2019\u00e9poque, Jos\u00e9 a d\u00e9j\u00e0 bien compris que le contr\u00f4le du niveau des eaux constitue la pierre angulaire de la gestion des marais. La premi\u00e8re action fut donc de d\u00e9placer les pompes vers le front d\u2019extraction pour une surveillance plus ais\u00e9e. Il se fait \u00e0 cet \u00e9gard un alli\u00e9 de Mr Dezwarte Henri, responsable de la \u00ab terrasse \u00bb (front d\u2019extraction).<\/p>\n<p>Les ann\u00e9es passent et, tout en maintenant sous surveillance la future r\u00e9serve, il poursuit son apprentissage de l\u2019ornithologie. En 1971, il ach\u00e8te son premier guide d\u2019identification \u00ab Het Beste Vogelboek \u00bb \u00e9dit\u00e9 par Reader\u2019s Digest. Cela deviendra tr\u00e8s vite son livre de chevet &#8211; qu\u2019il utilise encore occasionnellement aujourd\u2019hui.<\/p>\n<p>En 1976, l\u2019extraction est termin\u00e9e dans l\u2019argili\u00e8re mise sous surveillance depuis des ann\u00e9es. D\u00e8s 1977, une campagne de plantation est entam\u00e9e et durant les vingt ann\u00e9es qui suivent, pr\u00e8s de 30.000 arbres seront plant\u00e9s sur les berges de l\u2019argili\u00e8re : principalement des aub\u00e9pines et des aulnes dont les fruits constituent un v\u00e9ritable garde-manger hivernal pour les oiseaux. L\u2019op\u00e9ration sera rendu possible gr\u00e2ce \u00e0 l\u2019aide des sections du Wielewaal d\u2019Ieper, de Brugge, de Roeselare et d\u2019Oostende ainsi que de quelques b\u00e9n\u00e9voles de l\u2019entit\u00e9. L\u2019achat des arbres est financ\u00e9 gr\u00e2ce au m\u00e9c\u00e9nat providentiel des Briqueteries de Ploegsteert. Ce soutien financier et logistique ne d\u00e9faillira pas par la suite et se poursuit encore de nos jours.<\/p>\n<p>Autre travail de Sisyphe : l\u2019\u00e9limination des saules ! Fait in\u00e9vitable, ceux-ci ont largement envahi le marais. Il s\u2019av\u00e8re donc indispensable de les \u00e9liminer par tous les moyens possibles pour favoriser l\u2019\u00e9mergence d\u2019une roseli\u00e8re pure et une diversit\u00e9 des milieux.<\/p>\n<p>En 1979, Jos\u00e9 rencontre le gestionnaire d\u2019immenses r\u00e9serves naturelles aux Pays-Bas dans lesquelles on s\u00e8me les roseaux par avion. Il s\u2019agit de \u00ab Oostvaardersplassen \u00bb pr\u00e8s de Lelystad. Il va y passer une semaine enti\u00e8re \u00e0 visiter les diff\u00e9rentes r\u00e9serves et \u00e0 discuter des techniques de gestion. Le conservateur lui propose l\u2019utilisation d\u2019une toute nouvelle m\u00e9thode, aussit\u00f4t test\u00e9e \u00e0 Ploegsteert et le r\u00e9sultat est tr\u00e8s vite concluant. De magnifiques roseli\u00e8res d\u2019une puret\u00e9 \u00e9tonnante sont ainsi maintenues, faisant la fiert\u00e9 de la r\u00e9serve.<\/p>\n<p>En 1980, le \u00ab Comit\u00e9 de Gestion et de D\u00e9fense de la R\u00e9serve Naturelle de Ploegsteert \u00bb est cr\u00e9\u00e9e.<\/p>\n<p>Durant des ann\u00e9es, il poursuit son engagement dans la protection de l\u2019environnement et rencontre quelques grands noms de la conservation naturaliste tels que Henri Franckx &#8211; Vice-Pr\u00e9sident de l\u2019association ornithologique \u00ab De Wielewaal \u00bb (1969-1970), Dr Eckhart Kuijken &#8211; Pr\u00e9sident de \u00ab vzw Natuurreservaten \u00bb (1980-1986), Paul Houwen &#8211; ancien conservateur de la r\u00e9serve naturelle \u00ab De Blankaart \u00bb et encore Guido Burggraeve &#8211; ancien conservateur de la r\u00e9serve naturelle \u00ab Het Zwin \u00bb.<\/p>\n<p>De 1988 \u00e0 1992, Jos\u00e9 assume les fonctions de Pr\u00e9sident de la section \u00ab De Wielewaal \u00bb d\u2019Ieper. Il participe \u00e0 de nombreux voyages ornithologiques \u00e0 l\u2019\u00e9tranger et notamment dans le Delta du Danube en Roumanie, les Carpates et dans les Pyr\u00e9n\u00e9es espagnoles, r\u00e9gion qu\u2019il affectionne tout particuli\u00e8rement.<\/p>\n<p>En 1989, arrive la premi\u00e8re r\u00e9compense ornithologique avec la nidification de l\u2019\u00e9chasse blanche \u00e0 la r\u00e9serve. L\u2019\u00e9v\u00e9nement sera homologu\u00e9 comme le premier cas de nidification de cette esp\u00e8ce en Wallonie.<\/p>\n<p>En 1994, le site est class\u00e9 en ZHIB \u2013 Zone Humide d\u2019Int\u00e9r\u00eat Biologique et quelques ann\u00e9es plus tard en Natura 2000.<\/p>\n<p>En 1996, le prix Henry Ford (1er prix cat\u00e9gorie environnement) r\u00e9compense la gestion exemplaire qui a \u00e9t\u00e9 men\u00e9e dans ce site industriel rendu \u00e0 la nature.<\/p>\n<p>Ce n\u2019est qu\u2019en 2001, que l\u2019asbl RNOP &#8211; R\u00e9serve Naturelle et Ornithologique de Ploegsteert -est cr\u00e9\u00e9e, officialisant ainsi le comit\u00e9 de gestion.<\/p>\n<p>Cette ann\u00e9e 2013 nous offre enfin une seconde primeur avec le premier cas de nidification pour la Belgique de la grande aigrette, couronn\u00e9e par l\u2019envol de deux jeunes.<\/p>\n<p>En 40 ann\u00e9es d\u2019existence, ce n\u2019est pas moins de 220 esp\u00e8ces d\u2019oiseaux qui ont pu \u00eatre observ\u00e9es \u00e0 la r\u00e9serve. Soulignons \u00e0 cet \u00e9gard les nidifications av\u00e9r\u00e9es du Blongios nain, du Busard des roseaux, de l\u2019Hibou moyen duc, du Gr\u00e8be \u00e0 cou noir, de la Grande aigrette et de la Gorgebleue \u00e0 miroir blanc.<\/p>\n","protected":false},"excerpt":{"rendered":"<p>La passion d&rsquo;une vie D\u2019aucuns s\u2019\u00e9tonneront de la pr\u00e9sence d\u2019une r\u00e9serve dans un paysage purement agricole comme le n\u00f4tre. Nous ne poss\u00e9dons pas les richesses naturelles des polders ou des milieux dunaires de Flandre, ni la diversit\u00e9 des for\u00eats ardennaises ou des bocages campinois. Et pourtant, une r\u00e9serve naturelle de pr\u00e8s de 120 hectares, la &hellip; <\/p>\n<p class=\"link-more\"><a href=\"https:\/\/rnop.ovh\/?page_id=67\" class=\"more-link\">Continuer la lecture<span class=\"screen-reader-text\"> de &laquo;&nbsp;Historique de la r\u00e9serve&nbsp;&raquo;<\/span><\/a><\/p>\n","protected":false},"author":1,"featured_media":0,"parent":0,"menu_order":0,"comment_status":"closed","ping_status":"closed","template":"","meta":[],"_links":{"self":[{"href":"https:\/\/rnop.ovh\/index.php?rest_route=\/wp\/v2\/pages\/67"}],"collection":[{"href":"https:\/\/rnop.ovh\/index.php?rest_route=\/wp\/v2\/pages"}],"about":[{"href":"https:\/\/rnop.ovh\/index.php?rest_route=\/wp\/v2\/types\/page"}],"author":[{"embeddable":true,"href":"https:\/\/rnop.ovh\/index.php?rest_route=\/wp\/v2\/users\/1"}],"replies":[{"embeddable":true,"href":"https:\/\/rnop.ovh\/index.php?rest_route=%2Fwp%2Fv2%2Fcomments&post=67"}],"version-history":[{"count":3,"href":"https:\/\/rnop.ovh\/index.php?rest_route=\/wp\/v2\/pages\/67\/revisions"}],"predecessor-version":[{"id":479,"href":"https:\/\/rnop.ovh\/index.php?rest_route=\/wp\/v2\/pages\/67\/revisions\/479"}],"wp:attachment":[{"href":"https:\/\/rnop.ovh\/index.php?rest_route=%2Fwp%2Fv2%2Fmedia&parent=67"}],"curies":[{"name":"wp","href":"https:\/\/api.w.org\/{rel}","templated":true}]}}